{"id":17675,"date":"2024-07-24T16:27:42","date_gmt":"2024-07-24T19:27:42","guid":{"rendered":"https:\/\/buppypet.com.br\/?post_type=product&#038;p=17675"},"modified":"2026-02-20T14:32:32","modified_gmt":"2026-02-20T17:32:32","slug":"brinquedo-frango-de-plastico-para-cachorro-18cm","status":"publish","type":"product","link":"https:\/\/buppypet.com.br\/index.php\/produto\/brinquedo-frango-de-plastico-para-cachorro-18cm\/","title":{"rendered":"Brinquedo Frango de Pl\u00e1stico Para Cachorro 18cm"},"content":{"rendered":"<p><span style=\"font-weight: 400;\"><strong><span style=\"vertical-align: inherit;\"><span style=\"vertical-align: inherit;\">Descri\u00e7\u00e3o do Produto:<\/span><\/span><\/strong><span style=\"vertical-align: inherit;\"><span style=\"vertical-align: inherit;\"> O Brinquedo com formato de Frango \u00e9 \u00f3tima op\u00e7\u00e3o para entreter seu animal de estima\u00e7\u00e3o. Feito de Vinil, oferece est\u00edmulos variados para seu pet. O produto cont\u00e9m som interno.\u00a0<\/span><\/span><\/span><\/p>\n<p><span style=\"font-weight: 400;\"><strong><span style=\"vertical-align: inherit;\"><span style=\"vertical-align: inherit;\">Composi\u00e7\u00e3o:<\/span><\/span><\/strong><span style=\"vertical-align: inherit;\"><span style=\"vertical-align: inherit;\"> 100% de pl\u00e1stico.<\/span><\/span><\/span><\/p>\n<p><span style=\"font-weight: 400;\"><strong><span style=\"vertical-align: inherit;\"><span style=\"vertical-align: inherit;\">Cores e Suas Varia\u00e7\u00f5es:<\/span><\/span><\/strong><span style=\"vertical-align: inherit;\"><span style=\"vertical-align: inherit;\"> Cores sortidas.\u00a0<\/span><\/span><\/span><\/p>\n<p><span style=\"font-weight: 400;\"><strong><span style=\"vertical-align: inherit;\"><span style=\"vertical-align: inherit;\">Modo de Uso\/Cuidados:<\/span><\/span><\/strong><span style=\"vertical-align: inherit;\"><span style=\"vertical-align: inherit;\"> \u00c9 importante lembrar que nenhum brinquedo \u00e9 100% indestrut\u00edvel e a brincadeira precisa ser monitorada.<\/span><\/span><\/span><\/p>\n","protected":false},"excerpt":{"rendered":"<p>Descri\u00e7\u00e3o do Produto: O Brinquedo com formato de Frango \u00e9 \u00f3tima op\u00e7\u00e3o para entreter seu animal de estima\u00e7\u00e3o. Feito de<\/p>\n","protected":false},"featured_media":17677,"comment_status":"open","ping_status":"closed","template":"","meta":{"_joinchat":[]},"product_brand":[],"product_cat":[122,110,72],"product_tag":[],"class_list":{"0":"post-17675","1":"product","2":"type-product","3":"status-publish","4":"has-post-thumbnail","6":"product_cat-brinquedos-de-plasticos","7":"product_cat-caes","8":"product_cat-geral","10":"first","11":"instock","12":"shipping-taxable","13":"product-type-simple"},"aioseo_notices":[],"_links":{"self":[{"href":"https:\/\/buppypet.com.br\/index.php\/wp-json\/wp\/v2\/product\/17675","targetHints":{"allow":["GET"]}}],"collection":[{"href":"https:\/\/buppypet.com.br\/index.php\/wp-json\/wp\/v2\/product"}],"about":[{"href":"https:\/\/buppypet.com.br\/index.php\/wp-json\/wp\/v2\/types\/product"}],"replies":[{"embeddable":true,"href":"https:\/\/buppypet.com.br\/index.php\/wp-json\/wp\/v2\/comments?post=17675"}],"version-history":[{"count":3,"href":"https:\/\/buppypet.com.br\/index.php\/wp-json\/wp\/v2\/product\/17675\/revisions"}],"predecessor-version":[{"id":18079,"href":"https:\/\/buppypet.com.br\/index.php\/wp-json\/wp\/v2\/product\/17675\/revisions\/18079"}],"wp:featuredmedia":[{"embeddable":true,"href":"https:\/\/buppypet.com.br\/index.php\/wp-json\/wp\/v2\/media\/17677"}],"wp:attachment":[{"href":"https:\/\/buppypet.com.br\/index.php\/wp-json\/wp\/v2\/media?parent=17675"}],"wp:term":[{"taxonomy":"product_brand","embeddable":true,"href":"https:\/\/buppypet.com.br\/index.php\/wp-json\/wp\/v2\/product_brand?post=17675"},{"taxonomy":"product_cat","embeddable":true,"href":"https:\/\/buppypet.com.br\/index.php\/wp-json\/wp\/v2\/product_cat?post=17675"},{"taxonomy":"product_tag","embeddable":true,"href":"https:\/\/buppypet.com.br\/index.php\/wp-json\/wp\/v2\/product_tag?post=17675"}],"curies":[{"name":"wp","href":"https:\/\/api.w.org\/{rel}","templated":true}]}}