{"id":16899,"date":"2024-07-05T14:56:16","date_gmt":"2024-07-05T17:56:16","guid":{"rendered":"https:\/\/buppypet.com.br\/?post_type=product&#038;p=16899"},"modified":"2024-07-24T12:36:02","modified_gmt":"2024-07-24T15:36:02","slug":"brinquedo-para-gatos-em-formato-de-peixe-com-penas-18cm","status":"publish","type":"product","link":"https:\/\/buppypet.com.br\/index.php\/produto\/brinquedo-para-gatos-em-formato-de-peixe-com-penas-18cm\/","title":{"rendered":"Brinquedo Para Gatos em Formato de Peixe com Penas 18cm"},"content":{"rendered":"<p><span style=\"font-weight: 400;\"><strong>Descri\u00e7\u00e3o do Produto:<\/strong> O Brinquedo para Gatos em formato de Peixe incentiva o exerc\u00edcio f\u00edsico e mental do animal. Dispon\u00edvel em uma variedade de cores e texturas, esse brinquedo foi projetado para satisfazer a curiosidade e promover o bem-estar do seu felino de estima\u00e7\u00e3o.<\/span><\/p>\n<p><span style=\"font-weight: 400;\"><strong>Tamanho:<\/strong> 18 x 5 cm.<\/span><\/p>\n<p><span style=\"font-weight: 400;\"><strong>Composi\u00e7\u00e3o:\u00a0<\/strong> 80% de pl\u00e1stico e 20% de nylon.<\/span><\/p>\n<p><span style=\"font-weight: 400;\"><strong>Cores e Suas Varia\u00e7\u00f5es:<\/strong> Cores sortidas.\u00a0<\/span><\/p>\n<p><span style=\"font-weight: 400;\"><strong>Modo de Uso\/Cuidados:<\/strong> \u00c9 importante lembrar que nenhum brinquedo \u00e9 100% indestrut\u00edvel e a brincadeira precisa ser monitorada.<\/span><\/p>\n","protected":false},"excerpt":{"rendered":"<p>Descri\u00e7\u00e3o do Produto: O Brinquedo para Gatos em formato de Peixe incentiva o exerc\u00edcio f\u00edsico e mental do animal. Dispon\u00edvel<\/p>\n","protected":false},"featured_media":16900,"comment_status":"open","ping_status":"closed","template":"","meta":{"_joinchat":[]},"product_brand":[],"product_cat":[109,72,116],"product_tag":[],"class_list":{"0":"post-16899","1":"product","2":"type-product","3":"status-publish","4":"has-post-thumbnail","6":"product_cat-gatos","7":"product_cat-geral","8":"product_cat-ratinhos","10":"first","11":"instock","12":"shipping-taxable","13":"product-type-simple"},"aioseo_notices":[],"_links":{"self":[{"href":"https:\/\/buppypet.com.br\/index.php\/wp-json\/wp\/v2\/product\/16899","targetHints":{"allow":["GET"]}}],"collection":[{"href":"https:\/\/buppypet.com.br\/index.php\/wp-json\/wp\/v2\/product"}],"about":[{"href":"https:\/\/buppypet.com.br\/index.php\/wp-json\/wp\/v2\/types\/product"}],"replies":[{"embeddable":true,"href":"https:\/\/buppypet.com.br\/index.php\/wp-json\/wp\/v2\/comments?post=16899"}],"version-history":[{"count":2,"href":"https:\/\/buppypet.com.br\/index.php\/wp-json\/wp\/v2\/product\/16899\/revisions"}],"predecessor-version":[{"id":17573,"href":"https:\/\/buppypet.com.br\/index.php\/wp-json\/wp\/v2\/product\/16899\/revisions\/17573"}],"wp:featuredmedia":[{"embeddable":true,"href":"https:\/\/buppypet.com.br\/index.php\/wp-json\/wp\/v2\/media\/16900"}],"wp:attachment":[{"href":"https:\/\/buppypet.com.br\/index.php\/wp-json\/wp\/v2\/media?parent=16899"}],"wp:term":[{"taxonomy":"product_brand","embeddable":true,"href":"https:\/\/buppypet.com.br\/index.php\/wp-json\/wp\/v2\/product_brand?post=16899"},{"taxonomy":"product_cat","embeddable":true,"href":"https:\/\/buppypet.com.br\/index.php\/wp-json\/wp\/v2\/product_cat?post=16899"},{"taxonomy":"product_tag","embeddable":true,"href":"https:\/\/buppypet.com.br\/index.php\/wp-json\/wp\/v2\/product_tag?post=16899"}],"curies":[{"name":"wp","href":"https:\/\/api.w.org\/{rel}","templated":true}]}}