{"id":15928,"date":"2024-06-14T13:09:47","date_gmt":"2024-06-14T16:09:47","guid":{"rendered":"https:\/\/buppypet.com.br\/?post_type=product&#038;p=15928"},"modified":"2024-07-26T13:10:01","modified_gmt":"2024-07-26T16:10:01","slug":"brinquedo-bola-de-corda-trancada-para-cachorro-6cm","status":"publish","type":"product","link":"https:\/\/buppypet.com.br\/index.php\/produto\/brinquedo-bola-de-corda-trancada-para-cachorro-6cm\/","title":{"rendered":"Brinquedo Bola de Corda Tran\u00e7ada para Cachorro 6cm"},"content":{"rendered":"<p><span style=\"font-weight: 400;\"><strong>Descri\u00e7\u00e3o do Produto:<\/strong> A Corda em formato de Osso al\u00e9m de ser uma fofura, \u00e9 um brinquedo resistente e dur\u00e1vel. Feita de materiais seguros e at\u00f3xicos, proporciona uma excelente op\u00e7\u00e3o para jogos de puxar e intera\u00e7\u00e3o entre o dono e seu pet. Al\u00e9m de ajudar a fortalecer os dentes e gengivas do seu animal, \u00e9 perfeita para estimular atividades f\u00edsicas e mentais, mantendo seu companheiro feliz e saud\u00e1vel.<\/span><\/p>\n<p><span style=\"font-weight: 400;\"><strong>Composi\u00e7\u00e3o:<\/strong> 80% de algod\u00e3o e 20% de nylon.\u00a0<\/span><\/p>\n<p><span style=\"font-weight: 400;\"><strong>Cores e Suas Varia\u00e7\u00f5es:<\/strong> 2 combina\u00e7\u00f5es de cores &#8211; Laranja com Roxo ou Verde com Azul.<\/span><\/p>\n<p><span style=\"font-weight: 400;\"><strong>Modo de Uso\/Cuidados:<\/strong> <\/span><span style=\"font-weight: 400;\">\u00c9 importante lembrar que nenhum brinquedo \u00e9 100% indestrut\u00edvel e a brincadeira precisa ser monitorada.<\/span><\/p>\n","protected":false},"excerpt":{"rendered":"<table width=\"947\">\n<tbody>\n<tr>\n<td width=\"88\">Tamanho<\/td>\n<td width=\"175\">Descri\u00e7\u00e3o dos produtos<\/td>\n<td width=\"239\">Composi\u00e7\u00e3o<\/td>\n<td width=\"141\">Cores e suas varia\u00e7\u00f5es<\/td>\n<\/tr>\n<\/tbody>\n<\/table>\n<table style=\"height: 82px;\" width=\"944\">\n<tbody>\n<tr>\n<td width=\"88\">6cm<\/td>\n<td width=\"175\">Brinquedo Bola de Corda Tran\u00e7ada Para Cachorro 6cm.<\/td>\n<td width=\"239\">80% COTTON\u00a0 20%NYLON<\/td>\n<td width=\"141\">\n<table>\n<tbody>\n<tr>\n<td width=\"141\">duas cores: igual da foto.<\/td>\n<\/tr>\n<\/tbody>\n<\/table>\n<\/td>\n<\/tr>\n<\/tbody>\n<\/table>\n","protected":false},"featured_media":17805,"comment_status":"open","ping_status":"closed","template":"","meta":{"_joinchat":[]},"product_brand":[],"product_cat":[110,118,72],"product_tag":[],"class_list":{"0":"post-15928","1":"product","2":"type-product","3":"status-publish","4":"has-post-thumbnail","6":"product_cat-caes","7":"product_cat-cordas","8":"product_cat-geral","10":"first","11":"instock","12":"shipping-taxable","13":"product-type-simple"},"aioseo_notices":[],"_links":{"self":[{"href":"https:\/\/buppypet.com.br\/index.php\/wp-json\/wp\/v2\/product\/15928","targetHints":{"allow":["GET"]}}],"collection":[{"href":"https:\/\/buppypet.com.br\/index.php\/wp-json\/wp\/v2\/product"}],"about":[{"href":"https:\/\/buppypet.com.br\/index.php\/wp-json\/wp\/v2\/types\/product"}],"replies":[{"embeddable":true,"href":"https:\/\/buppypet.com.br\/index.php\/wp-json\/wp\/v2\/comments?post=15928"}],"version-history":[{"count":5,"href":"https:\/\/buppypet.com.br\/index.php\/wp-json\/wp\/v2\/product\/15928\/revisions"}],"predecessor-version":[{"id":17586,"href":"https:\/\/buppypet.com.br\/index.php\/wp-json\/wp\/v2\/product\/15928\/revisions\/17586"}],"wp:featuredmedia":[{"embeddable":true,"href":"https:\/\/buppypet.com.br\/index.php\/wp-json\/wp\/v2\/media\/17805"}],"wp:attachment":[{"href":"https:\/\/buppypet.com.br\/index.php\/wp-json\/wp\/v2\/media?parent=15928"}],"wp:term":[{"taxonomy":"product_brand","embeddable":true,"href":"https:\/\/buppypet.com.br\/index.php\/wp-json\/wp\/v2\/product_brand?post=15928"},{"taxonomy":"product_cat","embeddable":true,"href":"https:\/\/buppypet.com.br\/index.php\/wp-json\/wp\/v2\/product_cat?post=15928"},{"taxonomy":"product_tag","embeddable":true,"href":"https:\/\/buppypet.com.br\/index.php\/wp-json\/wp\/v2\/product_tag?post=15928"}],"curies":[{"name":"wp","href":"https:\/\/api.w.org\/{rel}","templated":true}]}}