{"id":15923,"date":"2024-06-14T13:06:34","date_gmt":"2024-06-14T16:06:34","guid":{"rendered":"https:\/\/buppypet.com.br\/?post_type=product&#038;p=15923"},"modified":"2024-07-25T15:04:24","modified_gmt":"2024-07-25T18:04:24","slug":"mordedor-fino-interativo-para-cachorro-143cm","status":"publish","type":"product","link":"https:\/\/buppypet.com.br\/index.php\/produto\/mordedor-fino-interativo-para-cachorro-143cm\/","title":{"rendered":"Mordedor Fino Interativo para Cachorro 14,3cm"},"content":{"rendered":"<p><span style=\"font-weight: 400;\"><strong>Descri\u00e7\u00e3o dos Produtos:<\/strong> O Mordedor Fino \u00e9 um brinquedo interativo que combina divers\u00e3o e recompensa para o seu pet. Feito de material resistente e seguro para morder, possui um compartimento onde voc\u00ea pode inserir petiscos ou ra\u00e7\u00e3o seca, incentivando o animal a brincar e se alimentar ao mesmo tempo. Ideal para estimular o instinto de mastiga\u00e7\u00e3o e proporcionar entretenimento duradouro, ajuda a manter a sa\u00fade bucal do seu pet e oferece uma forma divertida de enriquecimento ambiental.\u00a0<\/span><\/p>\n<p><span style=\"font-weight: 400;\"><strong>Composi\u00e7\u00e3o:<\/strong> 100%\u00a0 de borracha.<\/span><\/p>\n<p><span style=\"font-weight: 400;\"><strong>Cores e Suas Varia\u00e7\u00f5es:<\/strong>\u00a0 3 cores &#8211; Cinza, Laranja e Azul.<\/span><\/p>\n<p><span style=\"font-weight: 400;\"><strong>Modo de Uso\/Cuidados:<\/strong> \u00c9 importante lembrar que nenhum brinquedo \u00e9 100% indestrut\u00edvel e a brincadeira precisa ser monitorada.<\/span><\/p>\n<p>&nbsp;<\/p>\n<p>&nbsp;<\/p>\n","protected":false},"excerpt":{"rendered":"<table width=\"643\">\n<tbody>\n<tr>\n<td width=\"88\">Tamanho<\/td>\n<td width=\"175\">Descri\u00e7\u00e3o dos produtos<\/td>\n<td width=\"239\">Composi\u00e7\u00e3o<\/td>\n<td width=\"141\">Cores e suas varia\u00e7\u00f5es<\/td>\n<\/tr>\n<\/tbody>\n<\/table>\n<table width=\"643\">\n<tbody>\n<tr>\n<td width=\"88\">14.3CM<\/td>\n<td width=\"175\">Mordedor Fino Interativo para Cachorro 14,3cm.<\/td>\n<td width=\"239\">100%TPR<\/td>\n<td width=\"141\">3 cores: cinza, laranja e azul (igual da foto).<\/td>\n<\/tr>\n<\/tbody>\n<\/table>\n","protected":false},"featured_media":17754,"comment_status":"open","ping_status":"closed","template":"","meta":{"_joinchat":[]},"product_brand":[],"product_cat":[110,72,121],"product_tag":[],"class_list":{"0":"post-15923","1":"product","2":"type-product","3":"status-publish","4":"has-post-thumbnail","6":"product_cat-caes","7":"product_cat-geral","8":"product_cat-mordedores","10":"first","11":"instock","12":"shipping-taxable","13":"product-type-simple"},"aioseo_notices":[],"_links":{"self":[{"href":"https:\/\/buppypet.com.br\/index.php\/wp-json\/wp\/v2\/product\/15923","targetHints":{"allow":["GET"]}}],"collection":[{"href":"https:\/\/buppypet.com.br\/index.php\/wp-json\/wp\/v2\/product"}],"about":[{"href":"https:\/\/buppypet.com.br\/index.php\/wp-json\/wp\/v2\/types\/product"}],"replies":[{"embeddable":true,"href":"https:\/\/buppypet.com.br\/index.php\/wp-json\/wp\/v2\/comments?post=15923"}],"version-history":[{"count":4,"href":"https:\/\/buppypet.com.br\/index.php\/wp-json\/wp\/v2\/product\/15923\/revisions"}],"predecessor-version":[{"id":17481,"href":"https:\/\/buppypet.com.br\/index.php\/wp-json\/wp\/v2\/product\/15923\/revisions\/17481"}],"wp:featuredmedia":[{"embeddable":true,"href":"https:\/\/buppypet.com.br\/index.php\/wp-json\/wp\/v2\/media\/17754"}],"wp:attachment":[{"href":"https:\/\/buppypet.com.br\/index.php\/wp-json\/wp\/v2\/media?parent=15923"}],"wp:term":[{"taxonomy":"product_brand","embeddable":true,"href":"https:\/\/buppypet.com.br\/index.php\/wp-json\/wp\/v2\/product_brand?post=15923"},{"taxonomy":"product_cat","embeddable":true,"href":"https:\/\/buppypet.com.br\/index.php\/wp-json\/wp\/v2\/product_cat?post=15923"},{"taxonomy":"product_tag","embeddable":true,"href":"https:\/\/buppypet.com.br\/index.php\/wp-json\/wp\/v2\/product_tag?post=15923"}],"curies":[{"name":"wp","href":"https:\/\/api.w.org\/{rel}","templated":true}]}}