{"id":15917,"date":"2024-06-14T12:53:27","date_gmt":"2024-06-14T15:53:27","guid":{"rendered":"https:\/\/buppypet.com.br\/?post_type=product&#038;p=15917"},"modified":"2024-07-29T14:50:43","modified_gmt":"2024-07-29T17:50:43","slug":"brinquedo-pelucia-pato-colorido-para-pets-235cm","status":"publish","type":"product","link":"https:\/\/buppypet.com.br\/index.php\/produto\/brinquedo-pelucia-pato-colorido-para-pets-235cm\/","title":{"rendered":"Brinquedo Pel\u00facia Pato Colorido para Pets 23,5cm"},"content":{"rendered":"<p><span style=\"font-weight: 400;\"><strong>Descri\u00e7\u00e3o do Produto:<\/strong> O Brinquedo de Pel\u00facia\u00a0 em formato de Pato \u00e9 um companheiro macio e divertido para seu pet. Sua textura suave e agrad\u00e1vel proporciona conforto ao animal durante o descanso e tamb\u00e9m estimula brincadeiras interativas. Cont\u00e9m som interno.<\/span><\/p>\n<p><span style=\"font-weight: 400;\"><strong>Composi\u00e7\u00e3o:<\/strong> 50% de poli\u00e9ster e 50% de polipropileno.<\/span><\/p>\n<p><span style=\"font-weight: 400;\"><strong>Cores e Suas Varia\u00e7\u00f5es:<\/strong> 3 cores &#8211; Amarelo, Rosa e Roxo.<\/span><\/p>\n<p><span style=\"font-weight: 400;\"><strong>Modo de Uso\/Cuidados:<\/strong> \u00c9 importante lembrar que<\/span><span style=\"font-weight: 400;\"> este n\u00e3o \u00e9 um brinquedo indestrut\u00edvel, portanto n\u00e3o resistir\u00e1 \u00e0 mastiga\u00e7\u00e3o extenuante e cont\u00ednua.<\/span><\/p>\n","protected":false},"excerpt":{"rendered":"<table width=\"643\">\n<tbody>\n<tr>\n<td width=\"88\">Tamanho<\/td>\n<td width=\"175\">Descri\u00e7\u00e3o dos produtos<\/td>\n<td width=\"239\">Composi\u00e7\u00e3o<\/td>\n<td width=\"141\">Cores e suas varia\u00e7\u00f5es<\/td>\n<\/tr>\n<\/tbody>\n<\/table>\n<table width=\"643\">\n<tbody>\n<tr>\n<td width=\"88\">23.5x12cm<\/td>\n<td width=\"175\">Brinquedo Pel\u00facia Pato Colorido Para Pets 23,5cm.<\/td>\n<td width=\"239\">50%polyester\u00a0\u00a0 50%pp<\/td>\n<td width=\"141\">3 cores: amarelo, rosa e roxo (igual da foto).<\/td>\n<\/tr>\n<\/tbody>\n<\/table>\n","protected":false},"featured_media":17860,"comment_status":"open","ping_status":"closed","template":"","meta":{"_joinchat":[]},"product_brand":[],"product_cat":[110,72,119],"product_tag":[],"class_list":{"0":"post-15917","1":"product","2":"type-product","3":"status-publish","4":"has-post-thumbnail","6":"product_cat-caes","7":"product_cat-geral","8":"product_cat-pelucias","10":"first","11":"instock","12":"shipping-taxable","13":"product-type-simple"},"aioseo_notices":[],"_links":{"self":[{"href":"https:\/\/buppypet.com.br\/index.php\/wp-json\/wp\/v2\/product\/15917","targetHints":{"allow":["GET"]}}],"collection":[{"href":"https:\/\/buppypet.com.br\/index.php\/wp-json\/wp\/v2\/product"}],"about":[{"href":"https:\/\/buppypet.com.br\/index.php\/wp-json\/wp\/v2\/types\/product"}],"replies":[{"embeddable":true,"href":"https:\/\/buppypet.com.br\/index.php\/wp-json\/wp\/v2\/comments?post=15917"}],"version-history":[{"count":4,"href":"https:\/\/buppypet.com.br\/index.php\/wp-json\/wp\/v2\/product\/15917\/revisions"}],"predecessor-version":[{"id":17588,"href":"https:\/\/buppypet.com.br\/index.php\/wp-json\/wp\/v2\/product\/15917\/revisions\/17588"}],"wp:featuredmedia":[{"embeddable":true,"href":"https:\/\/buppypet.com.br\/index.php\/wp-json\/wp\/v2\/media\/17860"}],"wp:attachment":[{"href":"https:\/\/buppypet.com.br\/index.php\/wp-json\/wp\/v2\/media?parent=15917"}],"wp:term":[{"taxonomy":"product_brand","embeddable":true,"href":"https:\/\/buppypet.com.br\/index.php\/wp-json\/wp\/v2\/product_brand?post=15917"},{"taxonomy":"product_cat","embeddable":true,"href":"https:\/\/buppypet.com.br\/index.php\/wp-json\/wp\/v2\/product_cat?post=15917"},{"taxonomy":"product_tag","embeddable":true,"href":"https:\/\/buppypet.com.br\/index.php\/wp-json\/wp\/v2\/product_tag?post=15917"}],"curies":[{"name":"wp","href":"https:\/\/api.w.org\/{rel}","templated":true}]}}