{"id":15891,"date":"2024-06-14T12:35:01","date_gmt":"2024-06-14T15:35:01","guid":{"rendered":"https:\/\/buppypet.com.br\/?post_type=product&#038;p=15891"},"modified":"2024-07-24T12:50:00","modified_gmt":"2024-07-24T15:50:00","slug":"mordedor-interativo-porta-petiscos-para-cachorro-13cm","status":"publish","type":"product","link":"https:\/\/buppypet.com.br\/index.php\/produto\/mordedor-interativo-porta-petiscos-para-cachorro-13cm\/","title":{"rendered":"Mordedor Interativo Porta Petiscos para Cachorro 13cm"},"content":{"rendered":"<p><span style=\"font-weight: 400;\"><strong>Descri\u00e7\u00e3o do Produto:<\/strong> O Mordedor Porta Petiscos \u00e9 um brinquedo interativo que combina divers\u00e3o e recompensa para o seu pet. Feito de material resistente e seguro para morder, possui um compartimento onde voc\u00ea pode inserir petiscos ou ra\u00e7\u00e3o seca, incentivando o animal a brincar e se alimentar ao mesmo tempo. Ideal para estimular o instinto de mastiga\u00e7\u00e3o e proporcionar entretenimento duradouro, ajuda a manter a sa\u00fade bucal do seu pet e oferece uma forma divertida de enriquecimento ambiental.\u00a0<\/span><\/p>\n<p><span style=\"font-weight: 400;\"><strong>Composi\u00e7\u00e3o:<\/strong> 100% de borracha.\u00a0<\/span><\/p>\n<p><span style=\"font-weight: 400;\"><strong>Cores e Suas Varia\u00e7\u00f5es:<\/strong> 3 cores &#8211; Cinza, Laranja e Azul.<\/span><\/p>\n<p><span style=\"font-weight: 400;\"><strong>Modo de Uso\/Cuidados:<\/strong> \u00c9 importante lembrar que nenhum brinquedo \u00e9 100% indestrut\u00edvel e a brincadeira precisa ser monitorada.<\/span><\/p>\n","protected":false},"excerpt":{"rendered":"<table width=\"643\">\n<tbody>\n<tr>\n<td width=\"88\">Tamanho<\/td>\n<td width=\"175\">Descri\u00e7\u00e3o dos produtos<\/td>\n<td width=\"239\">Composi\u00e7\u00e3o<\/td>\n<td width=\"141\">Cores e suas varia\u00e7\u00f5es<\/td>\n<\/tr>\n<\/tbody>\n<\/table>\n<table width=\"643\">\n<tbody>\n<tr>\n<td width=\"88\">13x5cm<\/td>\n<td width=\"175\">Mordedor Interativo Porta Petiscos Para Cachorro 13cm.<\/td>\n<td width=\"239\">100%TPR<\/td>\n<td width=\"141\">3 cores: cinza, laranja e azul (igual da foto).<\/td>\n<\/tr>\n<\/tbody>\n<\/table>\n<p>&nbsp;<\/p>\n","protected":false},"featured_media":15892,"comment_status":"open","ping_status":"closed","template":"","meta":{"_joinchat":[]},"product_brand":[],"product_cat":[110,72,121],"product_tag":[],"class_list":{"0":"post-15891","1":"product","2":"type-product","3":"status-publish","4":"has-post-thumbnail","6":"product_cat-caes","7":"product_cat-geral","8":"product_cat-mordedores","10":"first","11":"instock","12":"shipping-taxable","13":"product-type-simple"},"aioseo_notices":[],"_links":{"self":[{"href":"https:\/\/buppypet.com.br\/index.php\/wp-json\/wp\/v2\/product\/15891","targetHints":{"allow":["GET"]}}],"collection":[{"href":"https:\/\/buppypet.com.br\/index.php\/wp-json\/wp\/v2\/product"}],"about":[{"href":"https:\/\/buppypet.com.br\/index.php\/wp-json\/wp\/v2\/types\/product"}],"replies":[{"embeddable":true,"href":"https:\/\/buppypet.com.br\/index.php\/wp-json\/wp\/v2\/comments?post=15891"}],"version-history":[{"count":4,"href":"https:\/\/buppypet.com.br\/index.php\/wp-json\/wp\/v2\/product\/15891\/revisions"}],"predecessor-version":[{"id":17592,"href":"https:\/\/buppypet.com.br\/index.php\/wp-json\/wp\/v2\/product\/15891\/revisions\/17592"}],"wp:featuredmedia":[{"embeddable":true,"href":"https:\/\/buppypet.com.br\/index.php\/wp-json\/wp\/v2\/media\/15892"}],"wp:attachment":[{"href":"https:\/\/buppypet.com.br\/index.php\/wp-json\/wp\/v2\/media?parent=15891"}],"wp:term":[{"taxonomy":"product_brand","embeddable":true,"href":"https:\/\/buppypet.com.br\/index.php\/wp-json\/wp\/v2\/product_brand?post=15891"},{"taxonomy":"product_cat","embeddable":true,"href":"https:\/\/buppypet.com.br\/index.php\/wp-json\/wp\/v2\/product_cat?post=15891"},{"taxonomy":"product_tag","embeddable":true,"href":"https:\/\/buppypet.com.br\/index.php\/wp-json\/wp\/v2\/product_tag?post=15891"}],"curies":[{"name":"wp","href":"https:\/\/api.w.org\/{rel}","templated":true}]}}