{"id":15884,"date":"2024-06-14T12:29:50","date_gmt":"2024-06-14T15:29:50","guid":{"rendered":"https:\/\/buppypet.com.br\/?post_type=product&#038;p=15884"},"modified":"2024-07-24T14:51:57","modified_gmt":"2024-07-24T17:51:57","slug":"escova-em-formato-de-gato-para-pets-19cm","status":"publish","type":"product","link":"https:\/\/buppypet.com.br\/index.php\/produto\/escova-em-formato-de-gato-para-pets-19cm\/","title":{"rendered":"Escova em Formato de Gato para Pets 19cm"},"content":{"rendered":"<p><span style=\"font-weight: 400;\"><strong>Descri\u00e7\u00e3o do Produto:<\/strong> A Escova em Formato de Gato para Pets \u00e9 ideal tanto para c\u00e3es quanto para gatos, sendo um recurso excelente para remover todos os pelos mortos do seu animal de estima\u00e7\u00e3o. O formato de gatinho da escova adiciona charme e \u00e9 um diferencial na hora da compra!<\/span><\/p>\n<p><span style=\"font-weight: 400;\"><strong>Composi\u00e7\u00e3o:<\/strong> 90% de pl\u00e1stico e 10% de metal.<\/span><\/p>\n<p><span style=\"font-weight: 400;\"><strong>Cores e Suas Varia\u00e7\u00f5es:<\/strong> 2 cores &#8211; Rosa e Verde.<\/span><\/p>\n<p><span style=\"font-weight: 400;\"><strong>Modo de Uso\/Cuidados:<\/strong> Possui sistema de bot\u00e3o que libera os pelos presos na escova. <\/span><\/p>\n<p><span style=\"font-weight: 400;\">Produto feito de um material resistente, por\u00e9m n\u00e3o \u00e9 indestrut\u00edvel.<\/span><\/p>\n","protected":false},"excerpt":{"rendered":"<table width=\"643\">\n<tbody>\n<tr>\n<td width=\"88\">Tamanho<\/td>\n<td width=\"175\">Descri\u00e7\u00e3o dos produtos<\/td>\n<td width=\"239\">Composi\u00e7\u00e3o<\/td>\n<td width=\"141\">Cores e suas varia\u00e7\u00f5es<\/td>\n<\/tr>\n<\/tbody>\n<\/table>\n<table width=\"643\">\n<tbody>\n<tr>\n<td width=\"88\">19x8cm<\/td>\n<td width=\"175\">Escova em Formato de Gato para Pets 19cm.<\/td>\n<td width=\"239\">90%plastic\u00a0 10%metal<\/td>\n<td width=\"141\">2 color mix: rosa e verde (igual da foto).<\/td>\n<\/tr>\n<\/tbody>\n<\/table>\n","protected":false},"featured_media":16793,"comment_status":"open","ping_status":"closed","template":"","meta":{"_joinchat":[]},"product_brand":[],"product_cat":[113,72,111],"product_tag":[],"class_list":{"0":"post-15884","1":"product","2":"type-product","3":"status-publish","4":"has-post-thumbnail","6":"product_cat-cuidados","7":"product_cat-geral","8":"product_cat-higiene-e-limpeza","10":"first","11":"instock","12":"shipping-taxable","13":"product-type-simple"},"aioseo_notices":[],"_links":{"self":[{"href":"https:\/\/buppypet.com.br\/index.php\/wp-json\/wp\/v2\/product\/15884","targetHints":{"allow":["GET"]}}],"collection":[{"href":"https:\/\/buppypet.com.br\/index.php\/wp-json\/wp\/v2\/product"}],"about":[{"href":"https:\/\/buppypet.com.br\/index.php\/wp-json\/wp\/v2\/types\/product"}],"replies":[{"embeddable":true,"href":"https:\/\/buppypet.com.br\/index.php\/wp-json\/wp\/v2\/comments?post=15884"}],"version-history":[{"count":5,"href":"https:\/\/buppypet.com.br\/index.php\/wp-json\/wp\/v2\/product\/15884\/revisions"}],"predecessor-version":[{"id":17608,"href":"https:\/\/buppypet.com.br\/index.php\/wp-json\/wp\/v2\/product\/15884\/revisions\/17608"}],"wp:featuredmedia":[{"embeddable":true,"href":"https:\/\/buppypet.com.br\/index.php\/wp-json\/wp\/v2\/media\/16793"}],"wp:attachment":[{"href":"https:\/\/buppypet.com.br\/index.php\/wp-json\/wp\/v2\/media?parent=15884"}],"wp:term":[{"taxonomy":"product_brand","embeddable":true,"href":"https:\/\/buppypet.com.br\/index.php\/wp-json\/wp\/v2\/product_brand?post=15884"},{"taxonomy":"product_cat","embeddable":true,"href":"https:\/\/buppypet.com.br\/index.php\/wp-json\/wp\/v2\/product_cat?post=15884"},{"taxonomy":"product_tag","embeddable":true,"href":"https:\/\/buppypet.com.br\/index.php\/wp-json\/wp\/v2\/product_tag?post=15884"}],"curies":[{"name":"wp","href":"https:\/\/api.w.org\/{rel}","templated":true}]}}