{"id":15868,"date":"2024-06-14T12:11:03","date_gmt":"2024-06-14T15:11:03","guid":{"rendered":"https:\/\/buppypet.com.br\/?post_type=product&#038;p=15868"},"modified":"2024-07-24T12:14:01","modified_gmt":"2024-07-24T15:14:01","slug":"comedouro-de-plastico-elevado-em-formato-de-gato-135cm","status":"publish","type":"product","link":"https:\/\/buppypet.com.br\/index.php\/produto\/comedouro-de-plastico-elevado-em-formato-de-gato-135cm\/","title":{"rendered":"Comedouro de Pl\u00e1stico Elevado em Formato de Gato 13,5cm"},"content":{"rendered":"<p><span style=\"font-weight: 400;\"><strong>Descri\u00e7\u00e3o do Produto:<\/strong> O Comedouro Elevado foi projetado especialmente para animais de pequeno porte, oferecendo a altura ideal para uma alimenta\u00e7\u00e3o confort\u00e1vel. Isso ajuda a prevenir desconfortos, engasgos e problemas na coluna, promovendo uma melhor qualidade de vida para o seu pet!<\/span><\/p>\n<p><span style=\"font-weight: 400;\"><strong>Composi\u00e7\u00e3o:<\/strong> 100% de pl\u00e1stico.<\/span><\/p>\n<p><span style=\"font-weight: 400;\"><strong>Cores e Suas Varia\u00e7\u00f5es:<\/strong> 3 cores.<\/span><\/p>\n<p><strong>Modo de Uso\/Cuidados: <\/strong><span style=\"font-weight: 400;\">Produto feito de um material resistente, por\u00e9m n\u00e3o \u00e9 indestrut\u00edvel.<\/span><\/p>\n","protected":false},"excerpt":{"rendered":"<table width=\"643\">\n<tbody>\n<tr>\n<td width=\"88\">Tamanho<\/td>\n<td width=\"175\">Descri\u00e7\u00e3o dos produtos<\/td>\n<td width=\"239\">Composi\u00e7\u00e3o<\/td>\n<td width=\"141\">Cores e suas varia\u00e7\u00f5es<\/td>\n<\/tr>\n<\/tbody>\n<\/table>\n<table width=\"643\">\n<tbody>\n<tr>\n<td width=\"88\">13.5&#215;11.5cm<\/td>\n<td width=\"175\">Comedouro de Pl\u00e1stico Elevado em Formato de Gato 13,5cm.<\/td>\n<td width=\"239\">100%PLASTIC<\/td>\n<td width=\"141\">pet bowl,3 color mixed<\/td>\n<\/tr>\n<\/tbody>\n<\/table>\n","protected":false},"featured_media":16796,"comment_status":"open","ping_status":"closed","template":"","meta":{"_joinchat":[]},"product_brand":[],"product_cat":[112,109,72],"product_tag":[],"class_list":{"0":"post-15868","1":"product","2":"type-product","3":"status-publish","4":"has-post-thumbnail","6":"product_cat-comedouros","7":"product_cat-gatos","8":"product_cat-geral","10":"first","11":"instock","12":"shipping-taxable","13":"product-type-simple"},"aioseo_notices":[],"_links":{"self":[{"href":"https:\/\/buppypet.com.br\/index.php\/wp-json\/wp\/v2\/product\/15868","targetHints":{"allow":["GET"]}}],"collection":[{"href":"https:\/\/buppypet.com.br\/index.php\/wp-json\/wp\/v2\/product"}],"about":[{"href":"https:\/\/buppypet.com.br\/index.php\/wp-json\/wp\/v2\/types\/product"}],"replies":[{"embeddable":true,"href":"https:\/\/buppypet.com.br\/index.php\/wp-json\/wp\/v2\/comments?post=15868"}],"version-history":[{"count":3,"href":"https:\/\/buppypet.com.br\/index.php\/wp-json\/wp\/v2\/product\/15868\/revisions"}],"predecessor-version":[{"id":17541,"href":"https:\/\/buppypet.com.br\/index.php\/wp-json\/wp\/v2\/product\/15868\/revisions\/17541"}],"wp:featuredmedia":[{"embeddable":true,"href":"https:\/\/buppypet.com.br\/index.php\/wp-json\/wp\/v2\/media\/16796"}],"wp:attachment":[{"href":"https:\/\/buppypet.com.br\/index.php\/wp-json\/wp\/v2\/media?parent=15868"}],"wp:term":[{"taxonomy":"product_brand","embeddable":true,"href":"https:\/\/buppypet.com.br\/index.php\/wp-json\/wp\/v2\/product_brand?post=15868"},{"taxonomy":"product_cat","embeddable":true,"href":"https:\/\/buppypet.com.br\/index.php\/wp-json\/wp\/v2\/product_cat?post=15868"},{"taxonomy":"product_tag","embeddable":true,"href":"https:\/\/buppypet.com.br\/index.php\/wp-json\/wp\/v2\/product_tag?post=15868"}],"curies":[{"name":"wp","href":"https:\/\/api.w.org\/{rel}","templated":true}]}}