{"id":15857,"date":"2024-06-14T12:03:44","date_gmt":"2024-06-14T15:03:44","guid":{"rendered":"https:\/\/buppypet.com.br\/?post_type=product&#038;p=15857"},"modified":"2024-07-24T12:54:44","modified_gmt":"2024-07-24T15:54:44","slug":"cortador-de-unha-para-gatos-11cm","status":"publish","type":"product","link":"https:\/\/buppypet.com.br\/index.php\/produto\/cortador-de-unha-para-gatos-11cm\/","title":{"rendered":"Cortador De Unha para Gatos 11cm"},"content":{"rendered":"<p><span style=\"font-weight: 400;\"><strong>Descri\u00e7\u00e3o do Produto:<\/strong> O Cortador de Unha possui um cabo anat\u00f4mico e emborrachado para proporcionar conforto durante o uso. Al\u00e9m disso, oferece excelente qualidade de corte, sendo especialmente indicado para animais de pequeno porte, garantindo seguran\u00e7a e precis\u00e3o no cuidado das unhas do seu pet.<\/span><\/p>\n<p><span style=\"font-weight: 400;\"><strong>Composi\u00e7\u00e3o:<\/strong> 60% de polipropileno, 20% de borracha e 20% de metal.<\/span><\/p>\n<p><span style=\"font-weight: 400;\"><strong>Cores e Suas Varia\u00e7\u00f5es:<\/strong> 3 cores.<\/span><\/p>\n<p><strong>Modo de Uso\/Cuidados: <\/strong><span style=\"font-weight: 400;\">Produto feito de um material resistente, por\u00e9m n\u00e3o \u00e9 indestrut\u00edvel.<\/span><\/p>\n","protected":false},"excerpt":{"rendered":"<table width=\"643\">\n<tbody>\n<tr>\n<td width=\"88\">Tamanho<\/td>\n<td width=\"175\">Descri\u00e7\u00e3o dos produtos<\/td>\n<td width=\"239\">Composi\u00e7\u00e3o<\/td>\n<td width=\"141\">Cores e suas varia\u00e7\u00f5es<\/td>\n<\/tr>\n<\/tbody>\n<\/table>\n<table width=\"643\">\n<tbody>\n<tr>\n<td width=\"88\">11cm<\/td>\n<td width=\"175\">Cortador De Unha Para Gatos 11cm.<\/td>\n<td width=\"239\">60% PP 20%TPR 20%METAL<\/td>\n<td width=\"141\">pet nail clippers\uff0c3 color mixed<\/td>\n<\/tr>\n<\/tbody>\n<\/table>\n","protected":false},"featured_media":15858,"comment_status":"open","ping_status":"closed","template":"","meta":{"_joinchat":[]},"product_brand":[],"product_cat":[113,72,111],"product_tag":[],"class_list":{"0":"post-15857","1":"product","2":"type-product","3":"status-publish","4":"has-post-thumbnail","6":"product_cat-cuidados","7":"product_cat-geral","8":"product_cat-higiene-e-limpeza","10":"first","11":"instock","12":"shipping-taxable","13":"product-type-simple"},"aioseo_notices":[],"_links":{"self":[{"href":"https:\/\/buppypet.com.br\/index.php\/wp-json\/wp\/v2\/product\/15857","targetHints":{"allow":["GET"]}}],"collection":[{"href":"https:\/\/buppypet.com.br\/index.php\/wp-json\/wp\/v2\/product"}],"about":[{"href":"https:\/\/buppypet.com.br\/index.php\/wp-json\/wp\/v2\/types\/product"}],"replies":[{"embeddable":true,"href":"https:\/\/buppypet.com.br\/index.php\/wp-json\/wp\/v2\/comments?post=15857"}],"version-history":[{"count":3,"href":"https:\/\/buppypet.com.br\/index.php\/wp-json\/wp\/v2\/product\/15857\/revisions"}],"predecessor-version":[{"id":17599,"href":"https:\/\/buppypet.com.br\/index.php\/wp-json\/wp\/v2\/product\/15857\/revisions\/17599"}],"wp:featuredmedia":[{"embeddable":true,"href":"https:\/\/buppypet.com.br\/index.php\/wp-json\/wp\/v2\/media\/15858"}],"wp:attachment":[{"href":"https:\/\/buppypet.com.br\/index.php\/wp-json\/wp\/v2\/media?parent=15857"}],"wp:term":[{"taxonomy":"product_brand","embeddable":true,"href":"https:\/\/buppypet.com.br\/index.php\/wp-json\/wp\/v2\/product_brand?post=15857"},{"taxonomy":"product_cat","embeddable":true,"href":"https:\/\/buppypet.com.br\/index.php\/wp-json\/wp\/v2\/product_cat?post=15857"},{"taxonomy":"product_tag","embeddable":true,"href":"https:\/\/buppypet.com.br\/index.php\/wp-json\/wp\/v2\/product_tag?post=15857"}],"curies":[{"name":"wp","href":"https:\/\/api.w.org\/{rel}","templated":true}]}}