{"id":15842,"date":"2024-06-14T11:50:20","date_gmt":"2024-06-14T14:50:20","guid":{"rendered":"https:\/\/buppypet.com.br\/?post_type=product&#038;p=15842"},"modified":"2024-07-24T12:55:32","modified_gmt":"2024-07-24T15:55:32","slug":"comedouro-lento-de-plastico-para-cachorro-20cm","status":"publish","type":"product","link":"https:\/\/buppypet.com.br\/index.php\/produto\/comedouro-lento-de-plastico-para-cachorro-20cm\/","title":{"rendered":"Comedouro Lento de Pl\u00e1stico para Cachorro 20cm"},"content":{"rendered":"<p><span style=\"font-weight: 400;\"><strong>Descri\u00e7\u00e3o do Produto:<\/strong> Dif\u00edcil encontrar um cachorro que n\u00e3o fique euf\u00f3rico ao ouvir o barulho do saco de ra\u00e7\u00e3o. Pensando nisso, o Comedouro Lento da Buppy foi desenvolvido como uma solu\u00e7\u00e3o para seu amigo peludo comer de forma mais devagar e saud\u00e1vel.<\/span><\/p>\n<p><span style=\"font-weight: 400;\"><strong>Composi\u00e7\u00e3o:<\/strong> 100% de pl\u00e1stico.<\/span><\/p>\n<p><span style=\"font-weight: 400;\"><strong>Cores e Suas Varia\u00e7\u00f5es:<\/strong> 3 cores.<\/span><\/p>\n<p><strong>Modo de Uso\/Cuidados: <\/strong><span style=\"font-weight: 400;\">Produto feito de um material resistente, por\u00e9m n\u00e3o \u00e9 indestrut\u00edvel.<\/span><\/p>\n","protected":false},"excerpt":{"rendered":"<table width=\"643\">\n<tbody>\n<tr>\n<td width=\"88\">Tamanho<\/td>\n<td width=\"175\">Descri\u00e7\u00e3o dos produtos<\/td>\n<td width=\"239\">Composi\u00e7\u00e3o<\/td>\n<td width=\"141\">Cores e suas varia\u00e7\u00f5es<\/td>\n<\/tr>\n<\/tbody>\n<\/table>\n<table width=\"643\">\n<tbody>\n<tr>\n<td width=\"88\">20&#215;4.5cm<\/td>\n<td width=\"175\">Comedouro Lento de Pl\u00e1stico Para Cachorro 20cm.<\/td>\n<td width=\"239\">100%PLASTIC<\/td>\n<td width=\"141\">\n<table>\n<tbody>\n<tr>\n<td width=\"141\">3 cores mix<\/td>\n<\/tr>\n<\/tbody>\n<\/table>\n<\/td>\n<\/tr>\n<\/tbody>\n<\/table>\n","protected":false},"featured_media":15844,"comment_status":"open","ping_status":"closed","template":"","meta":{"_joinchat":[]},"product_brand":[],"product_cat":[112,72],"product_tag":[],"class_list":{"0":"post-15842","1":"product","2":"type-product","3":"status-publish","4":"has-post-thumbnail","6":"product_cat-comedouros","7":"product_cat-geral","9":"first","10":"instock","11":"shipping-taxable","12":"product-type-simple"},"aioseo_notices":[],"_links":{"self":[{"href":"https:\/\/buppypet.com.br\/index.php\/wp-json\/wp\/v2\/product\/15842","targetHints":{"allow":["GET"]}}],"collection":[{"href":"https:\/\/buppypet.com.br\/index.php\/wp-json\/wp\/v2\/product"}],"about":[{"href":"https:\/\/buppypet.com.br\/index.php\/wp-json\/wp\/v2\/types\/product"}],"replies":[{"embeddable":true,"href":"https:\/\/buppypet.com.br\/index.php\/wp-json\/wp\/v2\/comments?post=15842"}],"version-history":[{"count":6,"href":"https:\/\/buppypet.com.br\/index.php\/wp-json\/wp\/v2\/product\/15842\/revisions"}],"predecessor-version":[{"id":17604,"href":"https:\/\/buppypet.com.br\/index.php\/wp-json\/wp\/v2\/product\/15842\/revisions\/17604"}],"wp:featuredmedia":[{"embeddable":true,"href":"https:\/\/buppypet.com.br\/index.php\/wp-json\/wp\/v2\/media\/15844"}],"wp:attachment":[{"href":"https:\/\/buppypet.com.br\/index.php\/wp-json\/wp\/v2\/media?parent=15842"}],"wp:term":[{"taxonomy":"product_brand","embeddable":true,"href":"https:\/\/buppypet.com.br\/index.php\/wp-json\/wp\/v2\/product_brand?post=15842"},{"taxonomy":"product_cat","embeddable":true,"href":"https:\/\/buppypet.com.br\/index.php\/wp-json\/wp\/v2\/product_cat?post=15842"},{"taxonomy":"product_tag","embeddable":true,"href":"https:\/\/buppypet.com.br\/index.php\/wp-json\/wp\/v2\/product_tag?post=15842"}],"curies":[{"name":"wp","href":"https:\/\/api.w.org\/{rel}","templated":true}]}}