{"id":15819,"date":"2024-06-14T11:30:32","date_gmt":"2024-06-14T14:30:32","guid":{"rendered":"https:\/\/buppypet.com.br\/?post_type=product&#038;p=15819"},"modified":"2024-07-24T12:24:03","modified_gmt":"2024-07-24T15:24:03","slug":"copo-limpador-de-patas-para-pets-11cm","status":"publish","type":"product","link":"https:\/\/buppypet.com.br\/index.php\/produto\/copo-limpador-de-patas-para-pets-11cm\/","title":{"rendered":"Copo Limpador de Patas Para Pets 11cm"},"content":{"rendered":"<p><span style=\"font-weight: 400;\"><strong>Descri\u00e7\u00e3o do Produto:<\/strong> O Copo Limpador de Patas para Pets \u00e9 um dispositivo pr\u00e1tico e eficiente para manter as patas do seu animal limpas ap\u00f3s passeios ao ar livre. Com um design inovador, possui cerdas macias dentro do copo que removem sujeira e detritos das patas do animal de forma r\u00e1pida e sem causar desconforto.<\/span><\/p>\n<p><span style=\"font-weight: 400;\"><strong>Composi\u00e7\u00e3o:<\/strong> 100% de pl\u00e1stico.<\/span><\/p>\n<p><span style=\"font-weight: 400;\"><strong>Cores e Suas Varia\u00e7\u00f5es:<\/strong> 3 cores &#8211; Verde, Azul e Rosa.<\/span><\/p>\n<p><span style=\"font-weight: 400;\"><strong>Modo de Uso\/Cuidados:<\/strong> Basta adicionar \u00e1gua e sab\u00e3o (opcional), e movimentar a pata do seu pet dentro do copo para remover os res\u00edduos.<\/span><\/p>\n<p><span style=\"font-weight: 400;\"><strong>Tamanhos Dispon\u00edveis:<\/strong> P e G.<\/span><\/p>\n<p><strong>Modo de Uso\/Cuidados: <\/strong><span style=\"font-weight: 400;\">Produto feito de um material resistente, por\u00e9m n\u00e3o \u00e9 indestrut\u00edvel<\/span><\/p>\n","protected":false},"excerpt":{"rendered":"<table width=\"947\">\n<tbody>\n<tr>\n<td width=\"88\">Tamanho<\/td>\n<td width=\"175\">Descri\u00e7\u00e3o dos produtos<\/td>\n<td width=\"239\">Composi\u00e7\u00e3o<\/td>\n<td width=\"141\">Cores e suas varia\u00e7\u00f5es<\/td>\n<\/tr>\n<\/tbody>\n<\/table>\n<table width=\"947\">\n<tbody>\n<tr>\n<td width=\"88\">6.5x11cm<\/td>\n<td width=\"175\">Copo Limpador de Patas Para Pets 11cm.<\/td>\n<td width=\"239\">100%PLASTIC<\/td>\n<td width=\"141\">3 cores mix: verde, azul e rosa (igual da foto).<\/td>\n<\/tr>\n<\/tbody>\n<\/table>\n","protected":false},"featured_media":16797,"comment_status":"open","ping_status":"closed","template":"","meta":{"_joinchat":[]},"product_brand":[],"product_cat":[113,72,111],"product_tag":[],"class_list":{"0":"post-15819","1":"product","2":"type-product","3":"status-publish","4":"has-post-thumbnail","6":"product_cat-cuidados","7":"product_cat-geral","8":"product_cat-higiene-e-limpeza","10":"first","11":"instock","12":"shipping-taxable","13":"product-type-simple"},"aioseo_notices":[],"_links":{"self":[{"href":"https:\/\/buppypet.com.br\/index.php\/wp-json\/wp\/v2\/product\/15819","targetHints":{"allow":["GET"]}}],"collection":[{"href":"https:\/\/buppypet.com.br\/index.php\/wp-json\/wp\/v2\/product"}],"about":[{"href":"https:\/\/buppypet.com.br\/index.php\/wp-json\/wp\/v2\/types\/product"}],"replies":[{"embeddable":true,"href":"https:\/\/buppypet.com.br\/index.php\/wp-json\/wp\/v2\/comments?post=15819"}],"version-history":[{"count":3,"href":"https:\/\/buppypet.com.br\/index.php\/wp-json\/wp\/v2\/product\/15819\/revisions"}],"predecessor-version":[{"id":17551,"href":"https:\/\/buppypet.com.br\/index.php\/wp-json\/wp\/v2\/product\/15819\/revisions\/17551"}],"wp:featuredmedia":[{"embeddable":true,"href":"https:\/\/buppypet.com.br\/index.php\/wp-json\/wp\/v2\/media\/16797"}],"wp:attachment":[{"href":"https:\/\/buppypet.com.br\/index.php\/wp-json\/wp\/v2\/media?parent=15819"}],"wp:term":[{"taxonomy":"product_brand","embeddable":true,"href":"https:\/\/buppypet.com.br\/index.php\/wp-json\/wp\/v2\/product_brand?post=15819"},{"taxonomy":"product_cat","embeddable":true,"href":"https:\/\/buppypet.com.br\/index.php\/wp-json\/wp\/v2\/product_cat?post=15819"},{"taxonomy":"product_tag","embeddable":true,"href":"https:\/\/buppypet.com.br\/index.php\/wp-json\/wp\/v2\/product_tag?post=15819"}],"curies":[{"name":"wp","href":"https:\/\/api.w.org\/{rel}","templated":true}]}}