{"id":15809,"date":"2024-06-14T11:16:01","date_gmt":"2024-06-14T14:16:01","guid":{"rendered":"https:\/\/buppypet.com.br\/?post_type=product&#038;p=15809"},"modified":"2024-07-24T15:18:40","modified_gmt":"2024-07-24T18:18:40","slug":"kit-brinquedo-com-2-ratos-para-gatos-12cm","status":"publish","type":"product","link":"https:\/\/buppypet.com.br\/index.php\/produto\/kit-brinquedo-com-2-ratos-para-gatos-12cm\/","title":{"rendered":"Kit Brinquedo com 2 Ratos para Gatos 12cm"},"content":{"rendered":"<p><span style=\"font-weight: 400;\"><strong>Descri\u00e7\u00e3o do Produto:<\/strong> Feito de materiais seguros e dur\u00e1veis, o Kit com 2 Ratos oferece horas de divers\u00e3o e exerc\u00edcio para seu pet. Dispon\u00edveis em uma variedade de cores, esse brinquedo foi projetado para satisfazer a curiosidade e promover o bem-estar do seu felino de estima\u00e7\u00e3o.<\/span><\/p>\n<p><span style=\"font-weight: 400;\"><strong>Composi\u00e7\u00e3o:<\/strong> 100% de poli\u00e9ster.<\/span><\/p>\n<p><span style=\"font-weight: 400;\"><strong>Cores e Suas Varia\u00e7\u00f5es:<\/strong> Cores sortidas. <\/span><\/p>\n","protected":false},"excerpt":{"rendered":"<table width=\"947\">\n<tbody>\n<tr>\n<td width=\"88\">Tamanho<\/td>\n<td width=\"175\">Descri\u00e7\u00e3o dos produtos<\/td>\n<td width=\"239\">Composi\u00e7\u00e3o<\/td>\n<td width=\"141\">Cores e suas varia\u00e7\u00f5es<\/td>\n<\/tr>\n<\/tbody>\n<\/table>\n<table style=\"height: 97px;\" width=\"948\">\n<tbody>\n<tr>\n<td width=\"88\">12cm<\/td>\n<td width=\"175\">Kit Brinquedo com 2 Ratos Para Gatos 12cm.<\/td>\n<td width=\"239\">\u00a0\u00a0\u00a0\u00a0 100%polyester<\/td>\n<td width=\"141\">mixed color.<\/td>\n<\/tr>\n<\/tbody>\n<\/table>\n","protected":false},"featured_media":16800,"comment_status":"open","ping_status":"closed","template":"","meta":{"_joinchat":[]},"product_brand":[],"product_cat":[109,72,116],"product_tag":[],"class_list":{"0":"post-15809","1":"product","2":"type-product","3":"status-publish","4":"has-post-thumbnail","6":"product_cat-gatos","7":"product_cat-geral","8":"product_cat-ratinhos","10":"first","11":"instock","12":"shipping-taxable","13":"product-type-simple"},"aioseo_notices":[],"_links":{"self":[{"href":"https:\/\/buppypet.com.br\/index.php\/wp-json\/wp\/v2\/product\/15809","targetHints":{"allow":["GET"]}}],"collection":[{"href":"https:\/\/buppypet.com.br\/index.php\/wp-json\/wp\/v2\/product"}],"about":[{"href":"https:\/\/buppypet.com.br\/index.php\/wp-json\/wp\/v2\/types\/product"}],"replies":[{"embeddable":true,"href":"https:\/\/buppypet.com.br\/index.php\/wp-json\/wp\/v2\/comments?post=15809"}],"version-history":[{"count":3,"href":"https:\/\/buppypet.com.br\/index.php\/wp-json\/wp\/v2\/product\/15809\/revisions"}],"predecessor-version":[{"id":17627,"href":"https:\/\/buppypet.com.br\/index.php\/wp-json\/wp\/v2\/product\/15809\/revisions\/17627"}],"wp:featuredmedia":[{"embeddable":true,"href":"https:\/\/buppypet.com.br\/index.php\/wp-json\/wp\/v2\/media\/16800"}],"wp:attachment":[{"href":"https:\/\/buppypet.com.br\/index.php\/wp-json\/wp\/v2\/media?parent=15809"}],"wp:term":[{"taxonomy":"product_brand","embeddable":true,"href":"https:\/\/buppypet.com.br\/index.php\/wp-json\/wp\/v2\/product_brand?post=15809"},{"taxonomy":"product_cat","embeddable":true,"href":"https:\/\/buppypet.com.br\/index.php\/wp-json\/wp\/v2\/product_cat?post=15809"},{"taxonomy":"product_tag","embeddable":true,"href":"https:\/\/buppypet.com.br\/index.php\/wp-json\/wp\/v2\/product_tag?post=15809"}],"curies":[{"name":"wp","href":"https:\/\/api.w.org\/{rel}","templated":true}]}}