{"id":15806,"date":"2024-06-14T11:11:07","date_gmt":"2024-06-14T14:11:07","guid":{"rendered":"https:\/\/buppypet.com.br\/?post_type=product&#038;p=15806"},"modified":"2024-07-24T15:20:01","modified_gmt":"2024-07-24T18:20:01","slug":"brinquedo-varinha-de-peixe-para-gatos-18cm","status":"publish","type":"product","link":"https:\/\/buppypet.com.br\/index.php\/produto\/brinquedo-varinha-de-peixe-para-gatos-18cm\/","title":{"rendered":"Brinquedo Varinha de Peixe para Gatos 40cm"},"content":{"rendered":"<p><span style=\"font-weight: 400;\"><strong>Descri\u00e7\u00e3o do Produto:<\/strong> A Varinha para Gatos \u00e9 um brinquedo interativo projetado para estimular o instinto de ca\u00e7a dos felinos. Composta por uma vara flex\u00edvel e leve, ela possui na ponta um peixinho e um Sininho, atrativos que cativam a aten\u00e7\u00e3o do seu gato. Ideal para criar momentos divertidos de persegui\u00e7\u00e3o e exerc\u00edcio, ajuda a manter seu gato ativo e mentalmente estimulado. Al\u00e9m disso, \u00e9 uma \u00f3tima maneira de fortalecer o v\u00ednculo entre voc\u00ea e seu felino enquanto proporciona divers\u00e3o segura e controlada dentro de casa.<\/span><\/p>\n<p><span style=\"font-weight: 400;\"><strong>Composi\u00e7\u00e3o:<\/strong> 50% de madeira, 40% de papel e 10% de penas.<\/span><\/p>\n<p><span style=\"font-weight: 400;\"><strong>Cores e Suas Varia\u00e7\u00f5es:<\/strong> Cores sortidas.\u00a0<\/span><\/p>\n<p><span style=\"font-weight: 400;\"><strong>Modo de Uso\/Cuidados:<\/strong> \u00c9 importante lembrar que nenhum brinquedo \u00e9 100% indestrut\u00edvel e a brincadeira precisa ser monitorada.<\/span><\/p>\n","protected":false},"excerpt":{"rendered":"<table width=\"643\">\n<tbody>\n<tr>\n<td width=\"88\">Tamanho<\/td>\n<td width=\"175\">Descri\u00e7\u00e3o dos produtos<\/td>\n<td width=\"239\">Composi\u00e7\u00e3o<\/td>\n<td width=\"141\">Cores e suas varia\u00e7\u00f5es<\/td>\n<\/tr>\n<\/tbody>\n<\/table>\n<table width=\"643\">\n<tbody>\n<tr>\n<td width=\"88\">pole:40cm<\/td>\n<td width=\"175\">Brinquedo Varinha de Peixe Para Gatos 40cm.<\/td>\n<td width=\"239\">50%wood\u00a0\u00a0\u00a0\u00a0 40%paper\u00a0\u00a0\u00a0\u00a0\u00a0\u00a0 10%feather<\/td>\n<td width=\"141\">mixed color.<\/td>\n<\/tr>\n<\/tbody>\n<\/table>\n","protected":false},"featured_media":16801,"comment_status":"open","ping_status":"closed","template":"","meta":{"_joinchat":[]},"product_brand":[],"product_cat":[109,72,117],"product_tag":[],"class_list":{"0":"post-15806","1":"product","2":"type-product","3":"status-publish","4":"has-post-thumbnail","6":"product_cat-gatos","7":"product_cat-geral","8":"product_cat-varinhas","10":"first","11":"instock","12":"shipping-taxable","13":"product-type-simple"},"aioseo_notices":[],"_links":{"self":[{"href":"https:\/\/buppypet.com.br\/index.php\/wp-json\/wp\/v2\/product\/15806","targetHints":{"allow":["GET"]}}],"collection":[{"href":"https:\/\/buppypet.com.br\/index.php\/wp-json\/wp\/v2\/product"}],"about":[{"href":"https:\/\/buppypet.com.br\/index.php\/wp-json\/wp\/v2\/types\/product"}],"replies":[{"embeddable":true,"href":"https:\/\/buppypet.com.br\/index.php\/wp-json\/wp\/v2\/comments?post=15806"}],"version-history":[{"count":5,"href":"https:\/\/buppypet.com.br\/index.php\/wp-json\/wp\/v2\/product\/15806\/revisions"}],"predecessor-version":[{"id":17628,"href":"https:\/\/buppypet.com.br\/index.php\/wp-json\/wp\/v2\/product\/15806\/revisions\/17628"}],"wp:featuredmedia":[{"embeddable":true,"href":"https:\/\/buppypet.com.br\/index.php\/wp-json\/wp\/v2\/media\/16801"}],"wp:attachment":[{"href":"https:\/\/buppypet.com.br\/index.php\/wp-json\/wp\/v2\/media?parent=15806"}],"wp:term":[{"taxonomy":"product_brand","embeddable":true,"href":"https:\/\/buppypet.com.br\/index.php\/wp-json\/wp\/v2\/product_brand?post=15806"},{"taxonomy":"product_cat","embeddable":true,"href":"https:\/\/buppypet.com.br\/index.php\/wp-json\/wp\/v2\/product_cat?post=15806"},{"taxonomy":"product_tag","embeddable":true,"href":"https:\/\/buppypet.com.br\/index.php\/wp-json\/wp\/v2\/product_tag?post=15806"}],"curies":[{"name":"wp","href":"https:\/\/api.w.org\/{rel}","templated":true}]}}