{"id":15800,"date":"2024-06-14T11:08:12","date_gmt":"2024-06-14T14:08:12","guid":{"rendered":"https:\/\/buppypet.com.br\/?post_type=product&#038;p=15800"},"modified":"2024-07-24T15:22:15","modified_gmt":"2024-07-24T18:22:15","slug":"brinquedo-varinha-com-penas-para-gatos-59cm","status":"publish","type":"product","link":"https:\/\/buppypet.com.br\/index.php\/produto\/brinquedo-varinha-com-penas-para-gatos-59cm\/","title":{"rendered":"Brinquedo Varinha com Penas para Gatos 59cm."},"content":{"rendered":"<p><span style=\"font-weight: 400;\"><strong>Descri\u00e7\u00e3o do Produto:<\/strong> A Varinha para Gatos \u00e9 um brinquedo interativo projetado para estimular o instinto de ca\u00e7a dos felinos. Composta por uma vara flex\u00edvel e leve, ela possui\u00a0 penas na ponta, um atrativo que cativa a aten\u00e7\u00e3o do seu gato. Ideal para criar momentos divertidos de persegui\u00e7\u00e3o e exerc\u00edcio, ajuda a manter seu gato ativo e mentalmente estimulado. Al\u00e9m disso, a varinha cont\u00e9m um Sininho que emite um barulho ao chacoalhar o produto, prendendo a aten\u00e7\u00e3o do animal durante a brincadeira.<\/span><\/p>\n<p><span style=\"font-weight: 400;\"><strong>Composi\u00e7\u00e3o:<\/strong> 68% de pl\u00e1stico, 30% de penas e 2% de metal.<\/span><\/p>\n<p><span style=\"font-weight: 400;\"><strong>Cores e Suas Varia\u00e7\u00f5es:<\/strong> Cabo em preto e as penas em cores sortidas.\u00a0<\/span><\/p>\n<p><span style=\"font-weight: 400;\"><strong>Modo de Uso\/Cuidados:<\/strong> \u00c9 importante lembrar que nenhum brinquedo \u00e9 100% indestrut\u00edvel e a brincadeira precisa ser monitorada.<\/span><\/p>\n","protected":false},"excerpt":{"rendered":"<table width=\"643\">\n<tbody>\n<tr>\n<td width=\"88\">Tamanho<\/td>\n<td width=\"175\">Descri\u00e7\u00e3o dos produtos<\/td>\n<td width=\"239\">Composi\u00e7\u00e3o<\/td>\n<td width=\"141\">Cores e suas varia\u00e7\u00f5es<\/td>\n<\/tr>\n<\/tbody>\n<\/table>\n<table width=\"643\">\n<tbody>\n<tr>\n<td width=\"88\">59cm<\/td>\n<td width=\"175\">Brinquedo Varinha com Penas Para Gatos 59cm.<\/td>\n<td width=\"239\">68%plastic\u00a0\u00a0\u00a0\u00a0\u00a0\u00a0\u00a0\u00a0\u00a0\u00a0 30%feather\u00a0\u00a0\u00a0\u00a0\u00a0\u00a0\u00a0\u00a0\u00a0\u00a0\u00a0 2%metal<\/td>\n<td width=\"141\">mixed color.<\/td>\n<\/tr>\n<\/tbody>\n<\/table>\n","protected":false},"featured_media":16803,"comment_status":"open","ping_status":"closed","template":"","meta":{"_joinchat":[]},"product_brand":[],"product_cat":[109,72,117],"product_tag":[],"class_list":{"0":"post-15800","1":"product","2":"type-product","3":"status-publish","4":"has-post-thumbnail","6":"product_cat-gatos","7":"product_cat-geral","8":"product_cat-varinhas","10":"first","11":"instock","12":"shipping-taxable","13":"product-type-simple"},"aioseo_notices":[],"_links":{"self":[{"href":"https:\/\/buppypet.com.br\/index.php\/wp-json\/wp\/v2\/product\/15800","targetHints":{"allow":["GET"]}}],"collection":[{"href":"https:\/\/buppypet.com.br\/index.php\/wp-json\/wp\/v2\/product"}],"about":[{"href":"https:\/\/buppypet.com.br\/index.php\/wp-json\/wp\/v2\/types\/product"}],"replies":[{"embeddable":true,"href":"https:\/\/buppypet.com.br\/index.php\/wp-json\/wp\/v2\/comments?post=15800"}],"version-history":[{"count":5,"href":"https:\/\/buppypet.com.br\/index.php\/wp-json\/wp\/v2\/product\/15800\/revisions"}],"predecessor-version":[{"id":17630,"href":"https:\/\/buppypet.com.br\/index.php\/wp-json\/wp\/v2\/product\/15800\/revisions\/17630"}],"wp:featuredmedia":[{"embeddable":true,"href":"https:\/\/buppypet.com.br\/index.php\/wp-json\/wp\/v2\/media\/16803"}],"wp:attachment":[{"href":"https:\/\/buppypet.com.br\/index.php\/wp-json\/wp\/v2\/media?parent=15800"}],"wp:term":[{"taxonomy":"product_brand","embeddable":true,"href":"https:\/\/buppypet.com.br\/index.php\/wp-json\/wp\/v2\/product_brand?post=15800"},{"taxonomy":"product_cat","embeddable":true,"href":"https:\/\/buppypet.com.br\/index.php\/wp-json\/wp\/v2\/product_cat?post=15800"},{"taxonomy":"product_tag","embeddable":true,"href":"https:\/\/buppypet.com.br\/index.php\/wp-json\/wp\/v2\/product_tag?post=15800"}],"curies":[{"name":"wp","href":"https:\/\/api.w.org\/{rel}","templated":true}]}}