{"id":15796,"date":"2024-06-14T11:05:18","date_gmt":"2024-06-14T14:05:18","guid":{"rendered":"https:\/\/buppypet.com.br\/?post_type=product&#038;p=15796"},"modified":"2024-07-24T15:25:42","modified_gmt":"2024-07-24T18:25:42","slug":"brinquedo-varinha-de-ratinho-para-gatos","status":"publish","type":"product","link":"https:\/\/buppypet.com.br\/index.php\/produto\/brinquedo-varinha-de-ratinho-para-gatos\/","title":{"rendered":"Brinquedo Varinha de Ratinho para Gatos"},"content":{"rendered":"<p><span style=\"font-weight: 400;\"><strong>Descri\u00e7\u00e3o do Produto:<\/strong> A Varinha para Gatos \u00e9 um brinquedo interativo projetado para estimular o instinto de ca\u00e7a dos felinos. Composta por uma vara flex\u00edvel e leve, ela possui na ponta um Ratinho, que cativa a aten\u00e7\u00e3o do seu gato. Ideal para criar momentos divertidos de persegui\u00e7\u00e3o e exerc\u00edcio, ajuda a manter seu gato ativo e mentalmente estimulado. Al\u00e9m disso, \u00e9 uma \u00f3tima maneira de fortalecer o v\u00ednculo entre voc\u00ea e seu felino enquanto proporciona divers\u00e3o segura e controlada dentro de casa.<\/span><\/p>\n<p><span style=\"font-weight: 400;\"><strong>Tamanho:<\/strong> O ratinho tem 12cm e a varinha tem 40cm.<\/span><\/p>\n<p><span style=\"font-weight: 400;\"><strong>Composi\u00e7\u00e3o:<\/strong> 50% de madeira, 40% de papel e 10% de penas.<\/span><\/p>\n<p><span style=\"font-weight: 400;\"><strong>Cores e Suas Varia\u00e7\u00f5es:<\/strong> Cores sortidas.\u00a0<\/span><\/p>\n<p><span style=\"font-weight: 400;\"><strong>Modo de Uso\/Cuidados:<\/strong> \u00c9 importante lembrar que nenhum brinquedo \u00e9 100% indestrut\u00edvel e a brincadeira precisa ser monitorada.<\/span><\/p>\n","protected":false},"excerpt":{"rendered":"<table style=\"height: 35px;\" width=\"953\">\n<tbody>\n<tr>\n<td width=\"88\">Tamanho<\/td>\n<td width=\"175\">Descri\u00e7\u00e3o dos produtos<\/td>\n<td width=\"239\">Composi\u00e7\u00e3o<\/td>\n<td width=\"141\">Cores e suas varia\u00e7\u00f5es<\/td>\n<\/tr>\n<\/tbody>\n<\/table>\n<table style=\"height: 73px;\" width=\"954\">\n<tbody>\n<tr>\n<td width=\"88\">mouse12cm<\/td>\n<td width=\"175\">Brinquedo Varinha de Ratinho Para Gatos.<\/td>\n<td width=\"239\">50%wood\u00a0\u00a0\u00a0\u00a0 40%paper\u00a0\u00a0\u00a0\u00a0\u00a0\u00a0 10%feather<\/td>\n<td width=\"141\">mixed color.<\/td>\n<\/tr>\n<\/tbody>\n<\/table>\n","protected":false},"featured_media":15797,"comment_status":"open","ping_status":"closed","template":"","meta":{"_joinchat":[]},"product_brand":[],"product_cat":[109,72,117],"product_tag":[],"class_list":{"0":"post-15796","1":"product","2":"type-product","3":"status-publish","4":"has-post-thumbnail","6":"product_cat-gatos","7":"product_cat-geral","8":"product_cat-varinhas","10":"first","11":"instock","12":"shipping-taxable","13":"product-type-simple"},"aioseo_notices":[],"_links":{"self":[{"href":"https:\/\/buppypet.com.br\/index.php\/wp-json\/wp\/v2\/product\/15796","targetHints":{"allow":["GET"]}}],"collection":[{"href":"https:\/\/buppypet.com.br\/index.php\/wp-json\/wp\/v2\/product"}],"about":[{"href":"https:\/\/buppypet.com.br\/index.php\/wp-json\/wp\/v2\/types\/product"}],"replies":[{"embeddable":true,"href":"https:\/\/buppypet.com.br\/index.php\/wp-json\/wp\/v2\/comments?post=15796"}],"version-history":[{"count":5,"href":"https:\/\/buppypet.com.br\/index.php\/wp-json\/wp\/v2\/product\/15796\/revisions"}],"predecessor-version":[{"id":17632,"href":"https:\/\/buppypet.com.br\/index.php\/wp-json\/wp\/v2\/product\/15796\/revisions\/17632"}],"wp:featuredmedia":[{"embeddable":true,"href":"https:\/\/buppypet.com.br\/index.php\/wp-json\/wp\/v2\/media\/15797"}],"wp:attachment":[{"href":"https:\/\/buppypet.com.br\/index.php\/wp-json\/wp\/v2\/media?parent=15796"}],"wp:term":[{"taxonomy":"product_brand","embeddable":true,"href":"https:\/\/buppypet.com.br\/index.php\/wp-json\/wp\/v2\/product_brand?post=15796"},{"taxonomy":"product_cat","embeddable":true,"href":"https:\/\/buppypet.com.br\/index.php\/wp-json\/wp\/v2\/product_cat?post=15796"},{"taxonomy":"product_tag","embeddable":true,"href":"https:\/\/buppypet.com.br\/index.php\/wp-json\/wp\/v2\/product_tag?post=15796"}],"curies":[{"name":"wp","href":"https:\/\/api.w.org\/{rel}","templated":true}]}}