{"id":15744,"date":"2024-06-13T23:16:43","date_gmt":"2024-06-14T02:16:43","guid":{"rendered":"https:\/\/buppypet.com.br\/?post_type=product&#038;p=15744"},"modified":"2024-07-24T15:35:06","modified_gmt":"2024-07-24T18:35:06","slug":"brinquedo-galinha-para-cachorro-28cm","status":"publish","type":"product","link":"https:\/\/buppypet.com.br\/index.php\/produto\/brinquedo-galinha-para-cachorro-28cm\/","title":{"rendered":"Brinquedo Galinha para Cachorro 28cm"},"content":{"rendered":"<p><span style=\"font-weight: 400;\"><strong>Descri\u00e7\u00e3o do Produto:<\/strong> Este brinquedo possui um design de galinha com cores vibrantes que atrai a aten\u00e7\u00e3o do seu c\u00e3o. Ideal para jogos de buscar e puxar, ajuda a estimular o exerc\u00edcio f\u00edsico e mental do animal, promovendo divers\u00e3o e intera\u00e7\u00e3o saud\u00e1vel. Al\u00e9m disso, cont\u00e9m som interno, deixando a brincadeira ainda mais divertida ao animal.<\/span><\/p>\n<p><span style=\"font-weight: 400;\"><strong>Composi\u00e7\u00e3o:<\/strong> 100% de pl\u00e1stico.<\/span><\/p>\n<p><span style=\"font-weight: 400;\"><strong>Cores e Suas Varia\u00e7\u00f5es:<\/strong> 1 cor.<\/span><\/p>\n<p><span style=\"font-weight: 400;\"><strong>Modo de Uso\/Cuidados:<\/strong> \u00c9 importante lembrar que nenhum brinquedo \u00e9 100% indestrut\u00edvel e a brincadeira precisa ser monitorada.<\/span><\/p>\n","protected":false},"excerpt":{"rendered":"<table width=\"947\">\n<tbody>\n<tr>\n<td width=\"88\">Tamanho<\/td>\n<td width=\"175\">Descri\u00e7\u00e3o dos produtos<\/td>\n<td width=\"239\">Composi\u00e7\u00e3o<\/td>\n<td width=\"141\">Cores e suas varia\u00e7\u00f5es<\/td>\n<td width=\"304\">Modo de Uso\/ Cuidados\/ Textos para embalagem<\/td>\n<\/tr>\n<\/tbody>\n<\/table>\n<table width=\"947\">\n<tbody>\n<tr>\n<td width=\"88\">28x7cm<\/td>\n<td width=\"175\">Brinquedo Galinha Para Cachorro 28cm.<\/td>\n<td width=\"239\">100%plastic<\/td>\n<td width=\"141\">somente uma cor:\u00a0 igual da foto.<\/td>\n<td width=\"304\">com som interno.<\/td>\n<\/tr>\n<\/tbody>\n<\/table>\n","protected":false},"featured_media":15747,"comment_status":"open","ping_status":"closed","template":"","meta":{"_joinchat":[]},"product_brand":[],"product_cat":[122,110,72],"product_tag":[],"class_list":{"0":"post-15744","1":"product","2":"type-product","3":"status-publish","4":"has-post-thumbnail","6":"product_cat-brinquedos-de-plasticos","7":"product_cat-caes","8":"product_cat-geral","10":"first","11":"instock","12":"shipping-taxable","13":"product-type-simple"},"aioseo_notices":[],"_links":{"self":[{"href":"https:\/\/buppypet.com.br\/index.php\/wp-json\/wp\/v2\/product\/15744","targetHints":{"allow":["GET"]}}],"collection":[{"href":"https:\/\/buppypet.com.br\/index.php\/wp-json\/wp\/v2\/product"}],"about":[{"href":"https:\/\/buppypet.com.br\/index.php\/wp-json\/wp\/v2\/types\/product"}],"replies":[{"embeddable":true,"href":"https:\/\/buppypet.com.br\/index.php\/wp-json\/wp\/v2\/comments?post=15744"}],"version-history":[{"count":4,"href":"https:\/\/buppypet.com.br\/index.php\/wp-json\/wp\/v2\/product\/15744\/revisions"}],"predecessor-version":[{"id":17639,"href":"https:\/\/buppypet.com.br\/index.php\/wp-json\/wp\/v2\/product\/15744\/revisions\/17639"}],"wp:featuredmedia":[{"embeddable":true,"href":"https:\/\/buppypet.com.br\/index.php\/wp-json\/wp\/v2\/media\/15747"}],"wp:attachment":[{"href":"https:\/\/buppypet.com.br\/index.php\/wp-json\/wp\/v2\/media?parent=15744"}],"wp:term":[{"taxonomy":"product_brand","embeddable":true,"href":"https:\/\/buppypet.com.br\/index.php\/wp-json\/wp\/v2\/product_brand?post=15744"},{"taxonomy":"product_cat","embeddable":true,"href":"https:\/\/buppypet.com.br\/index.php\/wp-json\/wp\/v2\/product_cat?post=15744"},{"taxonomy":"product_tag","embeddable":true,"href":"https:\/\/buppypet.com.br\/index.php\/wp-json\/wp\/v2\/product_tag?post=15744"}],"curies":[{"name":"wp","href":"https:\/\/api.w.org\/{rel}","templated":true}]}}