{"id":15683,"date":"2024-06-07T16:16:19","date_gmt":"2024-06-07T19:16:19","guid":{"rendered":"https:\/\/buppypet.com.br\/?post_type=product&#038;p=15683"},"modified":"2024-07-29T14:57:27","modified_gmt":"2024-07-29T17:57:27","slug":"brinquedo-pelucia-girafa-com-corda-para-pet-28cm","status":"publish","type":"product","link":"https:\/\/buppypet.com.br\/index.php\/produto\/brinquedo-pelucia-girafa-com-corda-para-pet-28cm\/","title":{"rendered":"Brinquedo Pel\u00facia Girafa Com Corda Para Pet 28cm"},"content":{"rendered":"<p><span style=\"font-weight: 400;\"><strong>Descri\u00e7\u00e3o do Produto:<\/strong> O Brinquedo de Pel\u00facia em formato de girafa \u00e9 um companheiro macio e divertido para seu pet. Sua textura suave e agrad\u00e1vel proporciona conforto ao animal durante o descanso e tamb\u00e9m estimula brincadeiras interativas. Cont\u00e9m som interno.<\/span><\/p>\n<p><span style=\"font-weight: 400;\"><strong>Composi\u00e7\u00e3o:<\/strong> 50% de poli\u00e9ster, 30% de <\/span><span style=\"font-weight: 400;\">polipropileno e<\/span><span style=\"font-weight: 400;\"> 20% de algod\u00e3o.<\/span><\/p>\n<p><span style=\"font-weight: 400;\"><strong>Cores e Suas Varia\u00e7\u00f5es:<\/strong> Azul, Amarelo e Rosa.<\/span><\/p>\n<p><span style=\"font-weight: 400;\"><strong>Modo de Uso\/Cuidados:<\/strong> \u00c9 importante lembrar que<\/span><span style=\"font-weight: 400;\"> este n\u00e3o \u00e9 um brinquedo indestrut\u00edvel, portanto n\u00e3o resistir\u00e1 \u00e0 mastiga\u00e7\u00e3o extenuante e cont\u00ednua.<\/span><\/p>\n","protected":false},"excerpt":{"rendered":"<table width=\"684\">\n<tbody>\n<tr>\n<td width=\"239\">Composi\u00e7\u00e3o<\/td>\n<td width=\"141\">Cores e suas varia\u00e7\u00f5es<\/td>\n<td width=\"304\">Modo de Uso\/ Cuidados\/ Textos para embalagem<\/td>\n<\/tr>\n<tr>\n<td width=\"239\">50%polyester\u00a0\u00a0 30%PP\u00a0\u00a0 20%cotton<\/td>\n<td width=\"141\">azul, amarelo e rosa.<\/td>\n<td>com som interno.<\/td>\n<\/tr>\n<\/tbody>\n<\/table>\n","protected":false},"featured_media":17886,"comment_status":"open","ping_status":"closed","template":"","meta":{"_joinchat":[]},"product_brand":[],"product_cat":[110,118,72,119],"product_tag":[],"class_list":{"0":"post-15683","1":"product","2":"type-product","3":"status-publish","4":"has-post-thumbnail","6":"product_cat-caes","7":"product_cat-cordas","8":"product_cat-geral","9":"product_cat-pelucias","11":"first","12":"instock","13":"shipping-taxable","14":"product-type-simple"},"aioseo_notices":[],"_links":{"self":[{"href":"https:\/\/buppypet.com.br\/index.php\/wp-json\/wp\/v2\/product\/15683","targetHints":{"allow":["GET"]}}],"collection":[{"href":"https:\/\/buppypet.com.br\/index.php\/wp-json\/wp\/v2\/product"}],"about":[{"href":"https:\/\/buppypet.com.br\/index.php\/wp-json\/wp\/v2\/types\/product"}],"replies":[{"embeddable":true,"href":"https:\/\/buppypet.com.br\/index.php\/wp-json\/wp\/v2\/comments?post=15683"}],"version-history":[{"count":7,"href":"https:\/\/buppypet.com.br\/index.php\/wp-json\/wp\/v2\/product\/15683\/revisions"}],"predecessor-version":[{"id":17643,"href":"https:\/\/buppypet.com.br\/index.php\/wp-json\/wp\/v2\/product\/15683\/revisions\/17643"}],"wp:featuredmedia":[{"embeddable":true,"href":"https:\/\/buppypet.com.br\/index.php\/wp-json\/wp\/v2\/media\/17886"}],"wp:attachment":[{"href":"https:\/\/buppypet.com.br\/index.php\/wp-json\/wp\/v2\/media?parent=15683"}],"wp:term":[{"taxonomy":"product_brand","embeddable":true,"href":"https:\/\/buppypet.com.br\/index.php\/wp-json\/wp\/v2\/product_brand?post=15683"},{"taxonomy":"product_cat","embeddable":true,"href":"https:\/\/buppypet.com.br\/index.php\/wp-json\/wp\/v2\/product_cat?post=15683"},{"taxonomy":"product_tag","embeddable":true,"href":"https:\/\/buppypet.com.br\/index.php\/wp-json\/wp\/v2\/product_tag?post=15683"}],"curies":[{"name":"wp","href":"https:\/\/api.w.org\/{rel}","templated":true}]}}