{"id":16410,"date":"2024-06-25T12:17:14","date_gmt":"2024-06-25T15:17:14","guid":{"rendered":"https:\/\/buppypet.com.br\/?page_id=16410"},"modified":"2025-09-26T11:31:39","modified_gmt":"2025-09-26T14:31:39","slug":"seja-nosso-representante","status":"publish","type":"page","link":"https:\/\/buppypet.com.br\/index.php\/seja-nosso-representante\/","title":{"rendered":"Trabalhe Conosco"},"content":{"rendered":"\t\t<div data-elementor-type=\"wp-page\" data-elementor-id=\"16410\" class=\"elementor elementor-16410\" data-elementor-post-type=\"page\">\n\t\t\t\t<div class=\"elementor-element elementor-element-091df36 e-flex e-con-boxed e-con e-parent\" data-id=\"091df36\" data-element_type=\"container\" data-e-type=\"container\">\n\t\t\t\t\t<div class=\"e-con-inner\">\n\t\t\t\t<div class=\"elementor-element elementor-element-223d240 elementor-widget__width-initial wd-width-100 elementor-widget elementor-widget-wd_title\" data-id=\"223d240\" data-element_type=\"widget\" data-e-type=\"widget\" data-widget_type=\"wd_title.default\">\n\t\t\t\t<div class=\"elementor-widget-container\">\n\t\t\t\t\t\t\t<div class=\"title-wrapper set-mb-s reset-last-child wd-title-color-primary wd-title-style-simple wd-title-size-large text-center\">\n\n\t\t\t\t\t\t\t<div class=\"title-subtitle subtitle-color-primary subtitle-style-default wd-fontsize-xs\">\n\t\t\t\t\tBuppy Pet\t\t\t\t<\/div>\n\t\t\t\n\t\t\t<div class=\"liner-continer\">\n\t\t\t\t<h4 class=\"woodmart-title-container title wd-fontsize-xxl\">Venha Trabalhar com a Gente<\/h4> \n\t\t\t\t\t\t\t<\/div>\n\n\t\t\t\t\t<\/div>\n\t\t\t\t\t\t<\/div>\n\t\t\t\t<\/div>\n\t\t\t\t<div class=\"elementor-element elementor-element-da1648e color-scheme-inherit text-left elementor-widget elementor-widget-text-editor\" data-id=\"da1648e\" data-element_type=\"widget\" data-e-type=\"widget\" data-widget_type=\"text-editor.default\">\n\t\t\t\t<div class=\"elementor-widget-container\">\n\t\t\t\t\t\t\t\t\t<p><span style=\"font-weight: 400;\">Se voc\u00ea se sente conectado com a nossa ess\u00eancia, valoriza o trabalho em equipe e assume a responsabilidade pelo<br \/>crescimento e resultados da empresa, voc\u00ea est\u00e1 no lugar certo!\u00a0<\/span><span style=\"font-weight: 400;\">Preencha o formul\u00e1rio e em breve nossa equipe entrar\u00e1 em contato com voc\u00ea.<\/span><\/p>\t\t\t\t\t\t\t\t<\/div>\n\t\t\t\t<\/div>\n\t\t\t\t\t<\/div>\n\t\t\t\t<\/div>\n\t\t<div class=\"elementor-element elementor-element-dab3fbe e-flex e-con-boxed e-con e-parent\" data-id=\"dab3fbe\" data-element_type=\"container\" data-e-type=\"container\">\n\t\t\t\t\t<div class=\"e-con-inner\">\n\t\t\t\t<div class=\"elementor-element elementor-element-3af8f86 elementor-widget elementor-widget-shortcode\" data-id=\"3af8f86\" data-element_type=\"widget\" data-e-type=\"widget\" data-widget_type=\"shortcode.default\">\n\t\t\t\t<div class=\"elementor-widget-container\">\n\t\t\t\t\t\t\t<div class=\"elementor-shortcode\"><div class=\"wpforms-container wpforms-container-full\" id=\"wpforms-16443\"><form id=\"wpforms-form-16443\" class=\"wpforms-validate wpforms-form wpforms-ajax-form\" data-formid=\"16443\" method=\"post\" enctype=\"multipart\/form-data\" action=\"\/index.php\/wp-json\/wp\/v2\/pages\/16410\" data-token=\"c26b4dd47c68b87598895ec29d6011fc\"><noscript class=\"wpforms-error-noscript\">Please enable JavaScript in your browser to complete this form.<\/noscript><div class=\"wpforms-field-container\"><div id=\"wpforms-16443-field_1-container\" class=\"wpforms-field wpforms-field-text wpforms-one-half wpforms-first\" data-field-id=\"1\"><label class=\"wpforms-field-label\" for=\"wpforms-16443-field_1\">Nome <span class=\"wpforms-required-label\">*<\/span><\/label><input type=\"text\" id=\"wpforms-16443-field_1\" class=\"wpforms-field-large wpforms-field-required\" name=\"wpforms[fields][1]\" required><\/div><div id=\"wpforms-16443-field_9-container\" class=\"wpforms-field wpforms-field-text wpforms-one-half\" data-field-id=\"9\"><label class=\"wpforms-field-label\" for=\"wpforms-16443-field_9\">Telefone <span class=\"wpforms-required-label\">*<\/span><\/label><input type=\"text\" id=\"wpforms-16443-field_9\" class=\"wpforms-field-large wpforms-field-required wpforms-masked-input\" data-inputmask-mask=\"(99) 99999-9999\" data-rule-empty-blanks=\"1\" name=\"wpforms[fields][9]\" required><\/div><div id=\"wpforms-16443-field_3-container\" class=\"wpforms-field wpforms-field-email wpforms-one-half wpforms-first\" data-field-id=\"3\"><label class=\"wpforms-field-label\" for=\"wpforms-16443-field_3\">E-mail <span class=\"wpforms-required-label\">*<\/span><\/label><input type=\"email\" id=\"wpforms-16443-field_3\" class=\"wpforms-field-large wpforms-field-required\" name=\"wpforms[fields][3]\" required><\/div><div id=\"wpforms-16443-field_8-container\" class=\"wpforms-field wpforms-field-text wpforms-one-half\" data-field-id=\"8\"><label class=\"wpforms-field-label\" for=\"wpforms-16443-field_8\">\u00c1rea de interesse (por exemplo: administrativo, comercial, financeiro, marketing, etc) <span class=\"wpforms-required-label\">*<\/span><\/label><input type=\"text\" id=\"wpforms-16443-field_8\" class=\"wpforms-field-large wpforms-field-required\" name=\"wpforms[fields][8]\" required><\/div><div id=\"wpforms-16443-field_11-container\" class=\"wpforms-field wpforms-field-text wpforms-two-thirds wpforms-first\" data-field-id=\"11\"><label class=\"wpforms-field-label\" for=\"wpforms-16443-field_11\">Cidade <span class=\"wpforms-required-label\">*<\/span><\/label><input type=\"text\" id=\"wpforms-16443-field_11\" class=\"wpforms-field-large wpforms-field-required\" name=\"wpforms[fields][11]\" required><\/div><div id=\"wpforms-16443-field_4-container\" class=\"wpforms-field wpforms-field-text wpforms-one-third\" data-field-id=\"4\"><label class=\"wpforms-field-label\" for=\"wpforms-16443-field_4\">UF <span class=\"wpforms-required-label\">*<\/span><\/label><input type=\"text\" id=\"wpforms-16443-field_4\" class=\"wpforms-field-large wpforms-field-required\" name=\"wpforms[fields][4]\" required><\/div><div id=\"wpforms-16443-field_5-container\" class=\"wpforms-field wpforms-field-checkbox wpforms-one-half wpforms-first\" data-field-id=\"5\"><ul id=\"wpforms-16443-field_5\" class=\"wpforms-field-required\"><li class=\"choice-1 depth-1\"><input type=\"checkbox\" id=\"wpforms-16443-field_5_1\" name=\"wpforms[fields][5][]\" value=\"Concordo com a Politica de Privacidade e com a utiliza\u00e7\u00e3o de cookies e tecnologias semelhantes e aceito o armazenamento dos meus dados para fins comerciais e de Marketing\" required ><label class=\"wpforms-field-label-inline\" for=\"wpforms-16443-field_5_1\">Concordo com a Politica de Privacidade e com a utiliza\u00e7\u00e3o de cookies e tecnologias semelhantes e aceito o armazenamento dos meus dados para fins comerciais e de Marketing<\/label><\/li><\/ul><\/div><\/div><div class=\"wpforms-submit-container\"><input type=\"hidden\" name=\"wpforms[id]\" value=\"16443\"><input type=\"hidden\" name=\"wpforms[author]\" value=\"1\"><button type=\"submit\" name=\"wpforms[submit]\" id=\"wpforms-submit-16443\" class=\"wpforms-submit\" data-alt-text=\"Enviando...\" data-submit-text=\"Enviar\" aria-live=\"assertive\" value=\"wpforms-submit\">Enviar<\/button><img decoding=\"async\" src=\"https:\/\/buppypet.com.br\/wp-content\/plugins\/wpforms\/assets\/images\/submit-spin.svg\" class=\"wpforms-submit-spinner\" style=\"display: none;\" width=\"26\" height=\"26\" alt=\"\"><\/div><\/form><\/div>  <!-- .wpforms-container --><\/div>\n\t\t\t\t\t\t<\/div>\n\t\t\t\t<\/div>\n\t\t\t\t\t<\/div>\n\t\t\t\t<\/div>\n\t\t\t\t<\/div>\n\t\t","protected":false},"excerpt":{"rendered":"<p>Buppy Pet Venha Trabalhar com a Gente Se voc\u00ea se sente conectado com a nossa ess\u00eancia, valoriza o trabalho em<\/p>\n","protected":false},"author":1,"featured_media":0,"parent":0,"menu_order":0,"comment_status":"closed","ping_status":"closed","template":"elementor_header_footer","meta":{"_joinchat":[],"footnotes":""},"class_list":["post-16410","page","type-page","status-publish","hentry"],"aioseo_notices":[],"_links":{"self":[{"href":"https:\/\/buppypet.com.br\/index.php\/wp-json\/wp\/v2\/pages\/16410","targetHints":{"allow":["GET"]}}],"collection":[{"href":"https:\/\/buppypet.com.br\/index.php\/wp-json\/wp\/v2\/pages"}],"about":[{"href":"https:\/\/buppypet.com.br\/index.php\/wp-json\/wp\/v2\/types\/page"}],"author":[{"embeddable":true,"href":"https:\/\/buppypet.com.br\/index.php\/wp-json\/wp\/v2\/users\/1"}],"replies":[{"embeddable":true,"href":"https:\/\/buppypet.com.br\/index.php\/wp-json\/wp\/v2\/comments?post=16410"}],"version-history":[{"count":56,"href":"https:\/\/buppypet.com.br\/index.php\/wp-json\/wp\/v2\/pages\/16410\/revisions"}],"predecessor-version":[{"id":18364,"href":"https:\/\/buppypet.com.br\/index.php\/wp-json\/wp\/v2\/pages\/16410\/revisions\/18364"}],"wp:attachment":[{"href":"https:\/\/buppypet.com.br\/index.php\/wp-json\/wp\/v2\/media?parent=16410"}],"curies":[{"name":"wp","href":"https:\/\/api.w.org\/{rel}","templated":true}]}}